{"id":852,"date":"2021-01-31T11:54:15","date_gmt":"2021-01-31T10:54:15","guid":{"rendered":"https:\/\/www.parrocchiasantamariadelrosarioladispoli.it\/?page_id=852"},"modified":"2021-02-04T16:41:39","modified_gmt":"2021-02-04T15:41:39","slug":"gruppo-gesu-misericordioso-del-rinnovamento-nello-spirito-santo","status":"publish","type":"page","link":"https:\/\/www.parrocchiasantamariadelrosarioladispoli.it\/index.php\/gruppo-gesu-misericordioso-del-rinnovamento-nello-spirito-santo\/","title":{"rendered":"Gruppo &#8220;Ges\u00f9 Misericordioso&#8221; del rinnovamento nello Spirito Santo"},"content":{"rendered":"<p style=\"text-align: justify;\"><span style=\"color: #000000;\"><span style=\"font-size: 14pt;\"><strong>Il Gr<\/strong><\/span><strong style=\"font-size: 14pt;\"><img loading=\"lazy\" decoding=\"async\" class=\" wp-image-858 alignleft\" src=\"https:\/\/www.parrocchiasantamariadelrosarioladispoli.it\/wp-content\/uploads\/2021\/01\/Diapositiva1-300x68.png\" alt=\"\" width=\"478\" height=\"108\" srcset=\"https:\/\/www.parrocchiasantamariadelrosarioladispoli.it\/wp-content\/uploads\/2021\/01\/Diapositiva1-300x68.png 300w, https:\/\/www.parrocchiasantamariadelrosarioladispoli.it\/wp-content\/uploads\/2021\/01\/Diapositiva1-768x175.png 768w, https:\/\/www.parrocchiasantamariadelrosarioladispoli.it\/wp-content\/uploads\/2021\/01\/Diapositiva1.png 833w\" sizes=\"auto, (max-width: 478px) 100vw, 478px\" \/><\/strong><span style=\"font-size: 14pt;\"><strong>u<\/strong><\/span><span style=\"font-size: 14pt;\"><strong>p<\/strong><\/span><strong style=\"font-size: 14pt;\">po<\/strong><\/span><span style=\"font-size: 14pt;\"><strong>&nbsp;<span style=\"color: #ff0000;\">&#8220;Ge<\/span><\/strong><\/span><span style=\"font-size: 14pt;\"><strong><span style=\"color: #ff0000;\">s\u00f9 Misericordioso del rinnovamento nello Spirito Santo&#8221;<\/span> <span style=\"color: #000000;\">nasce nel&nbsp;<\/span><\/strong><\/span><span style=\"color: #000000;\"><strong style=\"font-size: 14pt;\">1991 a seguito della diffusione del<\/strong><strong style=\"font-size: 14pt;\">l<\/strong><span style=\"font-size: 14pt;\"><strong>a devozione a Ges\u00f9 Misericordioso, sorta in Polonia a inizio 1900 per volont\u00e0 di Ges\u00f9 stesso e affidata alla santa e mistica Suor Faustina Kowalska. <\/strong><\/span><\/span><\/p>\n<p style=\"text-align: justify;\"><span style=\"color: #000000;\"><span style=\"font-size: 14pt;\"><strong>Tale devozione \u00e8 a<\/strong><\/span><span style=\"font-size: 14pt;\"><strong>pprodata in Italia grazie soprattutto a Don Renato Tissot, fondatore e primo assistente ecclesiastico della Associazione <span style=\"color: #ff0000;\">&#8220;Alleanza Dives in Misericordia&#8221; (A.D.I.M)<\/span><\/strong><\/span><strong style=\"font-size: 14pt;\">. E&#8217; stato S. Giovanni Paolo II a darle poi l&#8217;impulso definitivo con l&#8217;istituzione della &#8220;Festa della Misericordia&#8221;, l&#8217;enciclica &#8220;Dives in Misericordia&#8221; e la canonizzazione di S. Faustina Kowalska.&nbsp;<\/strong><\/span><\/p>\n<div dir=\"auto\" style=\"text-align: justify;\"><span style=\"font-size: 14pt; color: #000000;\"><strong>La spiritualit\u00e0 e la modalit\u00e0 di preghiera cosiddetta carismatica, alla quale il gruppo ha da sempre aderito, ci ha portato in un secondo momento a confluire nella grande realt\u00e0 del Rinnovamento nello Spirito Santo. <\/strong><\/span><span style=\"font-size: 14pt;\"><strong><span style=\"color: #000000;\">Nella preghiera comunitaria carismatica, che \u00e8 gioiosa, spontanea e animata da canti e carismi, lo<\/span> <span style=\"color: #ff0000;\">Spirito Santo<\/span> <span style=\"color: #000000;\">\u00e8 invocato, amato e ascoltato. Il fulcro del cammino RNS \u00e8 centrato sull\u2019espe<\/span><\/strong><\/span><span style=\"color: #000000;\"><span style=\"font-size: 14pt;\"><strong>rienza del \u201cSeminario per una rinnovata effusione dello Spirito Santo\u201d,<\/strong><\/span><strong style=\"font-size: 18.6667px;\"><img loading=\"lazy\" decoding=\"async\" class=\" wp-image-863 alignright\" src=\"https:\/\/www.parrocchiasantamariadelrosarioladispoli.it\/wp-content\/uploads\/2021\/01\/S.Santo_-198x300.png\" alt=\"\" width=\"277\" height=\"419\" srcset=\"https:\/\/www.parrocchiasantamariadelrosarioladispoli.it\/wp-content\/uploads\/2021\/01\/S.Santo_-198x300.png 198w, https:\/\/www.parrocchiasantamariadelrosarioladispoli.it\/wp-content\/uploads\/2021\/01\/S.Santo_.png 440w\" sizes=\"auto, (max-width: 277px) 100vw, 277px\" \/><\/strong><span style=\"font-size: 14pt;\"><strong> che culmina con la cosi<\/strong><\/span><\/span><span style=\"font-size: 14pt;\"><strong><span style=\"color: #000000;\">ddetta<\/span> <span style=\"color: #ff0000;\">\u201cPreghiera di Effusione\u201d<\/span> <span style=\"color: #000000;\">dove si chiede allo Spirito Santo di far \u201cSbocciare\u201d il Sacramento del B<\/span><\/strong><\/span><span style=\"color: #000000;\"><span style=\"font-size: 14pt;\"><strong>attesimo, spesso relegato in un cassetto chiuso. La rinnovata consapevolezza del Dono ricevuto segna un prima e un dopo nella vita di molti, spesso accompagnata da c<\/strong><\/span><span style=\"font-size: 14pt;\"><strong>arismi e doni dello Spirito Santo.<\/strong><\/span><\/span><\/div>\n<div dir=\"auto\" style=\"text-align: justify;\">&nbsp;<\/div>\n<div dir=\"auto\" style=\"text-align: justify;\"><span style=\"font-size: 14pt;\"><strong><span style=\"color: #000000;\">Il nostro gruppo si incontra in Chiesa<\/span> <span style=\"color: #ff0000;\">ogni luned\u00ec sera<\/span> <span style=\"color: #000000;\">alle ore<\/span> <span style=\"color: #ff0000;\">20:30<\/span> <span style=\"color: #000000;\">e accoglie tutti coloro che vogliono fare un cammino di rinnovamento nello Spirito Santo, sperimentando nella propria vita l&#8217;infinita &#8220;Misericordia di Dio&#8221;.<\/span><\/strong><\/span><\/div>\n<div dir=\"auto\" style=\"text-align: justify;\">&nbsp;<\/div>\n<div dir=\"auto\" style=\"text-align: justify;\"><span style=\"font-size: 14pt; color: #000000;\"><strong>Per Ulteriori informazioni potete visitare la nostra pagina <span style=\"color: #ff0000;\">Web<\/span>:&nbsp; https:\/\/gruppogesumisericordiosorns.wordpress.com\/<\/strong><\/span><\/div>\n<div dir=\"auto\" style=\"text-align: justify;\">&nbsp;<\/div>\n<div dir=\"auto\" style=\"text-align: justify;\"><span style=\"font-size: 14pt; color: #000000;\"><strong>oppure visitare la nostra pagina <span style=\"color: #ff0000;\">Facebook<\/span>: <\/strong><\/span><\/div>\n<div dir=\"auto\" style=\"text-align: justify;\"><span style=\"font-size: 14pt; color: #000000;\"><strong>https:\/\/www.facebook.com\/gesumisericordiosoladispoli<\/strong><\/span><\/div>\n","protected":false},"excerpt":{"rendered":"<p>Il Gruppo&nbsp;&#8220;Ges\u00f9 Misericordioso del rinnovamento nello Spirito Santo&#8221; nasce nel&nbsp;1991 a seguito della diffusione della devozione a Ges\u00f9 Misericordioso, sorta in Polonia a inizio 1900 per volont\u00e0 di Ges\u00f9 stesso e affidata alla santa e mistica Suor Faustina Kowalska. Tale devozione \u00e8 approdata in Italia grazie soprattutto a Don Renato Tissot, fondatore e primo assistente [&hellip;]<\/p>\n","protected":false},"author":1,"featured_media":0,"parent":0,"menu_order":0,"comment_status":"closed","ping_status":"closed","template":"","meta":{"ngg_post_thumbnail":0,"footnotes":""},"class_list":["post-852","page","type-page","status-publish","hentry"],"_links":{"self":[{"href":"https:\/\/www.parrocchiasantamariadelrosarioladispoli.it\/index.php\/wp-json\/wp\/v2\/pages\/852","targetHints":{"allow":["GET"]}}],"collection":[{"href":"https:\/\/www.parrocchiasantamariadelrosarioladispoli.it\/index.php\/wp-json\/wp\/v2\/pages"}],"about":[{"href":"https:\/\/www.parrocchiasantamariadelrosarioladispoli.it\/index.php\/wp-json\/wp\/v2\/types\/page"}],"author":[{"embeddable":true,"href":"https:\/\/www.parrocchiasantamariadelrosarioladispoli.it\/index.php\/wp-json\/wp\/v2\/users\/1"}],"replies":[{"embeddable":true,"href":"https:\/\/www.parrocchiasantamariadelrosarioladispoli.it\/index.php\/wp-json\/wp\/v2\/comments?post=852"}],"version-history":[{"count":27,"href":"https:\/\/www.parrocchiasantamariadelrosarioladispoli.it\/index.php\/wp-json\/wp\/v2\/pages\/852\/revisions"}],"predecessor-version":[{"id":1017,"href":"https:\/\/www.parrocchiasantamariadelrosarioladispoli.it\/index.php\/wp-json\/wp\/v2\/pages\/852\/revisions\/1017"}],"wp:attachment":[{"href":"https:\/\/www.parrocchiasantamariadelrosarioladispoli.it\/index.php\/wp-json\/wp\/v2\/media?parent=852"}],"curies":[{"name":"wp","href":"https:\/\/api.w.org\/{rel}","templated":true}]}}