{"id":817,"date":"2021-01-30T17:42:36","date_gmt":"2021-01-30T16:42:36","guid":{"rendered":"https:\/\/www.parrocchiasantamariadelrosarioladispoli.it\/?page_id=817"},"modified":"2021-02-04T16:33:59","modified_gmt":"2021-02-04T15:33:59","slug":"gruppo-del-santo-rosario","status":"publish","type":"page","link":"https:\/\/www.parrocchiasantamariadelrosarioladispoli.it\/index.php\/gruppo-del-santo-rosario\/","title":{"rendered":"Gruppo del Santo Rosario"},"content":{"rendered":"<p style=\"text-align: justify;\"><span style=\"font-size: 18pt;\"><strong><span style=\"color: #000000;\">Il<\/span> <span style=\"color: #ff0000;\">&#8220;Gr<\/span><\/strong><\/span><span style=\"color: #ff0000;\"><img loading=\"lazy\" decoding=\"async\" class=\" wp-image-818 alignleft\" src=\"https:\/\/www.parrocchiasantamariadelrosarioladispoli.it\/wp-content\/uploads\/2021\/01\/Diapositiva1-300x225.jpg\" alt=\"\" width=\"598\" height=\"448\" srcset=\"https:\/\/www.parrocchiasantamariadelrosarioladispoli.it\/wp-content\/uploads\/2021\/01\/Diapositiva1-300x225.jpg 300w, https:\/\/www.parrocchiasantamariadelrosarioladispoli.it\/wp-content\/uploads\/2021\/01\/Diapositiva1-768x576.jpg 768w, https:\/\/www.parrocchiasantamariadelrosarioladispoli.it\/wp-content\/uploads\/2021\/01\/Diapositiva1.jpg 960w\" sizes=\"auto, (max-width: 598px) 100vw, 598px\" \/><\/span><strong style=\"font-size: 18pt;\"><span style=\"color: #ff0000;\">uppo del Santo Rosario&#8221;<\/span> <span style=\"color: #000000;\">nasce da tempo in modo naturale, portato avanti da un gruppo di donne e qualche uomo, che si succedevano negli anni. Queste persone, o chi voleva recitare il santo rosario, si fermavano nel pomeriggio in Chiesa e partecipavano alla recita dei <span style=\"color: #ff0000;\">Vespri,<\/span>&nbsp;al <span style=\"color: #ff0000;\">Santo Rosario<\/span>&nbsp;e all&#8217;<span style=\"color: #ff0000;\">Adorazione<\/span> <span style=\"color: #ff0000;\">Eucaristica<\/span> ogni primo venerd\u00ec del mese. Tutto ci\u00f2 avveniva nella semplicit\u00e0 e senza nessuna ufficialit\u00e0 fino a quando, <span style=\"color: #ff0000;\">nel 2020<\/span>, il sacrestano della parrocchia si \u00e8 inserito nel gruppo e inizi\u00f2 a condurlo e strutturalo sempre di pi\u00f9 con l&#8217;aiuto dei partecipanti. Oltre alla recita dei Vespri e al Santo Rosario venne aggiunta anche la recita della &#8220;<span style=\"color: #ff0000;\">Coroncina della Divina Misericordia<\/span>&#8220;. <\/span><\/strong><\/p>\n<p style=\"text-align: justify;\"><span style=\"color: #000000;\"><strong style=\"font-size: 18pt;\"><span style=\"color: #ff0000;\">Tutti i giorni<\/span> il &#8220;Gruppo del Santo Rosario&#8221; s&#8217;incontra in Chiesa dalle ore <span style=\"color: #ff0000;\">17:00<\/span> alle ore <span style=\"color: #ff0000;\">18:00<\/span> pregando per <\/strong><strong style=\"font-size: 18pt;\">la Santa Chiesa, il Santo Padre, il Vescovo,<\/strong><strong style=\"font-size: 18pt;\">&nbsp;i Sacerdoti, la Comunit\u00e0 e per tutte le varie intenzioni che gli vengono affidate.<\/strong><\/span><\/p>\n<p>&nbsp;<\/p>\n","protected":false},"excerpt":{"rendered":"<p>Il &#8220;Gruppo del Santo Rosario&#8221; nasce da tempo in modo naturale, portato avanti da un gruppo di donne e qualche uomo, che si succedevano negli anni. Queste persone, o chi voleva recitare il santo rosario, si fermavano nel pomeriggio in Chiesa e partecipavano alla recita dei Vespri,&nbsp;al Santo Rosario&nbsp;e all&#8217;Adorazione Eucaristica ogni primo venerd\u00ec del [&hellip;]<\/p>\n","protected":false},"author":1,"featured_media":0,"parent":0,"menu_order":0,"comment_status":"closed","ping_status":"closed","template":"","meta":{"ngg_post_thumbnail":0,"footnotes":""},"class_list":["post-817","page","type-page","status-publish","hentry"],"_links":{"self":[{"href":"https:\/\/www.parrocchiasantamariadelrosarioladispoli.it\/index.php\/wp-json\/wp\/v2\/pages\/817","targetHints":{"allow":["GET"]}}],"collection":[{"href":"https:\/\/www.parrocchiasantamariadelrosarioladispoli.it\/index.php\/wp-json\/wp\/v2\/pages"}],"about":[{"href":"https:\/\/www.parrocchiasantamariadelrosarioladispoli.it\/index.php\/wp-json\/wp\/v2\/types\/page"}],"author":[{"embeddable":true,"href":"https:\/\/www.parrocchiasantamariadelrosarioladispoli.it\/index.php\/wp-json\/wp\/v2\/users\/1"}],"replies":[{"embeddable":true,"href":"https:\/\/www.parrocchiasantamariadelrosarioladispoli.it\/index.php\/wp-json\/wp\/v2\/comments?post=817"}],"version-history":[{"count":12,"href":"https:\/\/www.parrocchiasantamariadelrosarioladispoli.it\/index.php\/wp-json\/wp\/v2\/pages\/817\/revisions"}],"predecessor-version":[{"id":1016,"href":"https:\/\/www.parrocchiasantamariadelrosarioladispoli.it\/index.php\/wp-json\/wp\/v2\/pages\/817\/revisions\/1016"}],"wp:attachment":[{"href":"https:\/\/www.parrocchiasantamariadelrosarioladispoli.it\/index.php\/wp-json\/wp\/v2\/media?parent=817"}],"curies":[{"name":"wp","href":"https:\/\/api.w.org\/{rel}","templated":true}]}}