{"id":325,"date":"2021-01-27T12:53:18","date_gmt":"2021-01-27T11:53:18","guid":{"rendered":"https:\/\/www.parrocchiasantamariadelrosarioladispoli.it\/?page_id=325"},"modified":"2021-02-04T15:47:37","modified_gmt":"2021-02-04T14:47:37","slug":"storia-della-chiesa-parrocchiale","status":"publish","type":"page","link":"https:\/\/www.parrocchiasantamariadelrosarioladispoli.it\/","title":{"rendered":"Storia della Chiesa parrocchiale"},"content":{"rendered":"<h1><span style=\"font-size: 24pt;\">Storia della Chiesa Parrocchiale<\/span><\/h1>\n<h3 class=\"single-tt-area\" style=\"text-align: justify;\"><img loading=\"lazy\" decoding=\"async\" class=\"wp-image-272 alignleft\" src=\"https:\/\/www.parrocchiasantamariadelrosarioladispoli.it\/wp-content\/uploads\/2021\/01\/Chiesa-esterna-rivisitata-1024x718.jpg\" alt=\"\" width=\"580\" height=\"407\"><span style=\"font-size: 18pt; color: #000000;\"><strong>Era il <span style=\"color: #ff0000;\">18 marzo del 1912<\/span> quando solennemente fu benedetta la prima pietra della chiesa della nuova citt\u00e0. <\/strong><strong>Era stato lo ste<\/strong><strong>sso<\/strong><strong>&nbsp;Papa, <span style=\"color: #ff0000;\">San P<\/span><\/strong><strong><span style=\"color: #ff0000;\">io X<\/span>, a dona<\/strong><strong>re il terren<\/strong><strong>o e una bella <span style=\"color: #ff0000;\">Immagine della Madonna del Rosario<\/span> che dovev<\/strong><strong>a essere messa sull\u2019altare maggiore del tempio, che sarebbe stato dedicato alla Vergine. <\/strong><strong>Costruire la chiesa insieme alle case fu una scelta condivisa da tutti, dalla popolazione e dagli amministratori, che vollero <span style=\"color: #ff0000;\"><span style=\"color: #000000;\">porre la casa di Dio in mezzo alle case degli uomini<\/span><\/span><span style=\"color: #000000;\">,<\/span> come segno della volont\u00e0 che la nuova citt\u00e0 si costruisse e si riconoscesse nei valori pi\u00f9 grandi del Vangelo, quelli della dignit\u00e0 peculiare di ogni persone, della fraternit\u00e0 e della comunione. E perci\u00f2 questo fu anche il primo compito che veniva affidato alla comunit\u00e0 cristiana di Ladispoli. <\/strong><\/span><\/h3>\n<h3 class=\"single-tt-area\" style=\"text-align: justify;\"><span style=\"font-size: 18pt; color: #000000;\"><strong><img loading=\"lazy\" decoding=\"async\" class=\"wp-image-994 alignright\" src=\"https:\/\/www.parrocchiasantamariadelrosarioladispoli.it\/wp-content\/uploads\/2021\/02\/Lapide-100-anni-300x168.jpg\" alt=\"\" width=\"560\" height=\"314\" srcset=\"https:\/\/www.parrocchiasantamariadelrosarioladispoli.it\/wp-content\/uploads\/2021\/02\/Lapide-100-anni-300x168.jpg 300w, https:\/\/www.parrocchiasantamariadelrosarioladispoli.it\/wp-content\/uploads\/2021\/02\/Lapide-100-anni-768x429.jpg 768w, https:\/\/www.parrocchiasantamariadelrosarioladispoli.it\/wp-content\/uploads\/2021\/02\/Lapide-100-anni.jpg 898w\" sizes=\"auto, (max-width: 560px) 100vw, 560px\" \/><\/strong><\/span><span style=\"font-size: 18pt; color: #000000;\"><strong>A distanza di <span style=\"color: #ff0000;\">Cento Anni<\/span>, possiamo dire senza paura di essere smentiti che la chiesa del Rosario, diventata successivamente sede della parrocchia, e la comunit\u00e0 cristiana ladispolana hanno onorato il proprio mandato, con il contributo generoso di sacerdoti e fedeli. La presenza della Chiesa all&#8217;interno della citt\u00e0 \u00e8 stata e vuol essere una <span style=\"color: #ff0000;\">Presenza Amica<\/span><span style=\"color: #000000;\">. La Comunit\u00e0 Cristiana cammina con la Gente e con la Citt\u00e0, condividendo problemi e progetti e sostenendo le scelte migliori.&nbsp; &nbsp; &nbsp; &nbsp; &nbsp; &nbsp; &nbsp; <\/span><\/strong><\/span><span style=\"color: #000000;\"><strong style=\"font-size: 18pt;\">Tratto dal Libro <span style=\"color: #ff0000;\"><em>&#8220;&#8230; e poi venne la chiesa&#8221;<\/em><\/span> <em>S. Maria del Rosario nel centenario<\/em>, Ladispoli 1912-2012.<\/strong><\/span><\/h3>\n<p>&nbsp;<\/p>\n","protected":false},"excerpt":{"rendered":"<p>Storia della Chiesa Parrocchiale Era il 18 marzo del 1912 quando solennemente fu benedetta la prima pietra della chiesa della nuova citt\u00e0. Era stato lo stesso&nbsp;Papa, San Pio X, a donare il terreno e una bella Immagine della Madonna del Rosario che doveva essere messa sull\u2019altare maggiore del tempio, che sarebbe stato dedicato alla Vergine. [&hellip;]<\/p>\n","protected":false},"author":1,"featured_media":0,"parent":0,"menu_order":0,"comment_status":"closed","ping_status":"closed","template":"","meta":{"ngg_post_thumbnail":0,"footnotes":""},"class_list":["post-325","page","type-page","status-publish","hentry"],"_links":{"self":[{"href":"https:\/\/www.parrocchiasantamariadelrosarioladispoli.it\/index.php\/wp-json\/wp\/v2\/pages\/325","targetHints":{"allow":["GET"]}}],"collection":[{"href":"https:\/\/www.parrocchiasantamariadelrosarioladispoli.it\/index.php\/wp-json\/wp\/v2\/pages"}],"about":[{"href":"https:\/\/www.parrocchiasantamariadelrosarioladispoli.it\/index.php\/wp-json\/wp\/v2\/types\/page"}],"author":[{"embeddable":true,"href":"https:\/\/www.parrocchiasantamariadelrosarioladispoli.it\/index.php\/wp-json\/wp\/v2\/users\/1"}],"replies":[{"embeddable":true,"href":"https:\/\/www.parrocchiasantamariadelrosarioladispoli.it\/index.php\/wp-json\/wp\/v2\/comments?post=325"}],"version-history":[{"count":32,"href":"https:\/\/www.parrocchiasantamariadelrosarioladispoli.it\/index.php\/wp-json\/wp\/v2\/pages\/325\/revisions"}],"predecessor-version":[{"id":1007,"href":"https:\/\/www.parrocchiasantamariadelrosarioladispoli.it\/index.php\/wp-json\/wp\/v2\/pages\/325\/revisions\/1007"}],"wp:attachment":[{"href":"https:\/\/www.parrocchiasantamariadelrosarioladispoli.it\/index.php\/wp-json\/wp\/v2\/media?parent=325"}],"curies":[{"name":"wp","href":"https:\/\/api.w.org\/{rel}","templated":true}]}}